{"id":1484,"date":"2025-02-24T13:22:24","date_gmt":"2025-02-24T12:22:24","guid":{"rendered":"https:\/\/kdv-hetvlindertje.nl\/?page_id=1484"},"modified":"2025-03-24T14:09:37","modified_gmt":"2025-03-24T13:09:37","slug":"hoofdstraat","status":"publish","type":"page","link":"https:\/\/kdv-hetvlindertje.nl\/index.php\/hoofdstraat\/","title":{"rendered":"Hoofdstraat"},"content":{"rendered":"\t\t<div data-elementor-type=\"wp-page\" data-elementor-id=\"1484\" class=\"elementor elementor-1484\">\n\t\t\t\t<div class=\"elementor-element elementor-element-cc3e6f8 e-con-full e-flex e-con e-parent\" data-id=\"cc3e6f8\" data-element_type=\"container\" data-e-type=\"container\">\n\t\t\t\t<div class=\"elementor-element elementor-element-4c2127bc elementor-widget elementor-widget-image\" data-id=\"4c2127bc\" data-element_type=\"widget\" data-e-type=\"widget\" data-widget_type=\"image.default\">\n\t\t\t\t<div class=\"elementor-widget-container\">\n\t\t\t\t\t\t\t\t\t\t\t\t\t\t\t<img fetchpriority=\"high\" decoding=\"async\" width=\"750\" height=\"537\" src=\"https:\/\/kdv-hetvlindertje.nl\/wp-content\/uploads\/2025\/01\/2e-loc-1.jpg\" class=\"attachment-medium_large size-medium_large wp-image-666\" alt=\"\" srcset=\"https:\/\/kdv-hetvlindertje.nl\/wp-content\/uploads\/2025\/01\/2e-loc-1.jpg 750w, https:\/\/kdv-hetvlindertje.nl\/wp-content\/uploads\/2025\/01\/2e-loc-1-300x215.jpg 300w\" sizes=\"(max-width: 750px) 100vw, 750px\" \/>\t\t\t\t\t\t\t\t\t\t\t\t\t\t\t<\/div>\n\t\t\t\t<\/div>\n\t\t\t\t<\/div>\n\t\t<div class=\"elementor-element elementor-element-c8c1f55 e-flex e-con-boxed e-con e-parent\" data-id=\"c8c1f55\" data-element_type=\"container\" data-e-type=\"container\">\n\t\t\t\t\t<div class=\"e-con-inner\">\n\t\t<div class=\"elementor-element elementor-element-25b1cd2d e-con-full e-flex e-con e-child\" data-id=\"25b1cd2d\" data-element_type=\"container\" data-e-type=\"container\">\n\t\t\t\t<div class=\"elementor-element elementor-element-61528e1e elementor-widget elementor-widget-heading\" data-id=\"61528e1e\" data-element_type=\"widget\" data-e-type=\"widget\" data-widget_type=\"heading.default\">\n\t\t\t\t<div class=\"elementor-widget-container\">\n\t\t\t\t\t<h2 class=\"elementor-heading-title elementor-size-default\">Hoofdstraat<\/h2>\t\t\t\t<\/div>\n\t\t\t\t<\/div>\n\t\t\t\t<\/div>\n\t\t\t\t\t<\/div>\n\t\t\t\t<\/div>\n\t\t<div class=\"elementor-element elementor-element-6999d497 e-flex e-con-boxed e-con e-parent\" data-id=\"6999d497\" data-element_type=\"container\" data-e-type=\"container\">\n\t\t\t\t\t<div class=\"e-con-inner\">\n\t\t\t\t<div class=\"elementor-element elementor-element-100feb9d elementor-widget elementor-widget-spacer\" data-id=\"100feb9d\" data-element_type=\"widget\" data-e-type=\"widget\" data-widget_type=\"spacer.default\">\n\t\t\t\t<div class=\"elementor-widget-container\">\n\t\t\t\t\t\t\t<div class=\"elementor-spacer\">\n\t\t\t<div class=\"elementor-spacer-inner\"><\/div>\n\t\t<\/div>\n\t\t\t\t\t\t<\/div>\n\t\t\t\t<\/div>\n\t\t\t\t\t<\/div>\n\t\t\t\t<\/div>\n\t\t<div class=\"elementor-element elementor-element-95658b4 e-flex e-con-boxed e-con e-parent\" data-id=\"95658b4\" data-element_type=\"container\" data-e-type=\"container\">\n\t\t\t\t\t<div class=\"e-con-inner\">\n\t\t\t\t<div class=\"elementor-element elementor-element-ed1f137 elementor-widget elementor-widget-heading\" data-id=\"ed1f137\" data-element_type=\"widget\" data-e-type=\"widget\" data-widget_type=\"heading.default\">\n\t\t\t\t<div class=\"elementor-widget-container\">\n\t\t\t\t\t<h2 class=\"elementor-heading-title elementor-size-default\">Tweede locatie<\/h2>\t\t\t\t<\/div>\n\t\t\t\t<\/div>\n\t\t\t\t\t<\/div>\n\t\t\t\t<\/div>\n\t\t<div class=\"elementor-element elementor-element-a2de371 e-flex e-con-boxed e-con e-parent\" data-id=\"a2de371\" data-element_type=\"container\" data-e-type=\"container\">\n\t\t\t\t\t<div class=\"e-con-inner\">\n\t\t\t\t<div class=\"elementor-element elementor-element-218c6f6 elementor-widget elementor-widget-text-editor\" data-id=\"218c6f6\" data-element_type=\"widget\" data-e-type=\"widget\" data-widget_type=\"text-editor.default\">\n\t\t\t\t<div class=\"elementor-widget-container\">\n\t\t\t\t\t\t\t\t\t<p>Vanuit de locatie aan de Hoofdstraat werken wij nauw samen met de Hoofdlocatie. Kleinschalig en volop \u00e9\u00e9n op \u00e9\u00e9n aandacht. Wij stimuleren de kinderen door ze veiligheid en geborgenheid te bieden. Knuffelen met de leidsters, handje vasthouden tot ze in slaap vallen en heel veel liefde.\u00a0<\/p>\t\t\t\t\t\t\t\t<\/div>\n\t\t\t\t<\/div>\n\t\t\t\t\t<\/div>\n\t\t\t\t<\/div>\n\t\t<div class=\"elementor-element elementor-element-2448f1a2 e-grid e-con-boxed e-con e-parent\" data-id=\"2448f1a2\" data-element_type=\"container\" data-e-type=\"container\">\n\t\t\t\t\t<div class=\"e-con-inner\">\n\t\t\t\t<div class=\"elementor-element elementor-element-f634b32 elementor-widget elementor-widget-image\" data-id=\"f634b32\" data-element_type=\"widget\" data-e-type=\"widget\" data-widget_type=\"image.default\">\n\t\t\t\t<div class=\"elementor-widget-container\">\n\t\t\t\t\t\t\t\t\t\t\t\t\t\t\t<img decoding=\"async\" width=\"1024\" height=\"1024\" src=\"https:\/\/kdv-hetvlindertje.nl\/wp-content\/uploads\/2025\/02\/1200x1200.10-1024x1024.jpeg\" class=\"attachment-large size-large wp-image-1358\" alt=\"\" srcset=\"https:\/\/kdv-hetvlindertje.nl\/wp-content\/uploads\/2025\/02\/1200x1200.10-1024x1024.jpeg 1024w, https:\/\/kdv-hetvlindertje.nl\/wp-content\/uploads\/2025\/02\/1200x1200.10-300x300.jpeg 300w, https:\/\/kdv-hetvlindertje.nl\/wp-content\/uploads\/2025\/02\/1200x1200.10-150x150.jpeg 150w, https:\/\/kdv-hetvlindertje.nl\/wp-content\/uploads\/2025\/02\/1200x1200.10-768x769.jpeg 768w, https:\/\/kdv-hetvlindertje.nl\/wp-content\/uploads\/2025\/02\/1200x1200.10.jpeg 1200w\" sizes=\"(max-width: 1024px) 100vw, 1024px\" \/>\t\t\t\t\t\t\t\t\t\t\t\t\t\t\t<\/div>\n\t\t\t\t<\/div>\n\t\t\t\t<div class=\"elementor-element elementor-element-4c790a74 elementor-widget elementor-widget-image\" data-id=\"4c790a74\" data-element_type=\"widget\" data-e-type=\"widget\" data-widget_type=\"image.default\">\n\t\t\t\t<div class=\"elementor-widget-container\">\n\t\t\t\t\t\t\t\t\t\t\t\t\t\t\t<img decoding=\"async\" width=\"1024\" height=\"1019\" src=\"https:\/\/kdv-hetvlindertje.nl\/wp-content\/uploads\/2025\/02\/1200x1200.11-1024x1019.jpeg\" class=\"attachment-large size-large wp-image-1359\" alt=\"\" srcset=\"https:\/\/kdv-hetvlindertje.nl\/wp-content\/uploads\/2025\/02\/1200x1200.11-1024x1019.jpeg 1024w, https:\/\/kdv-hetvlindertje.nl\/wp-content\/uploads\/2025\/02\/1200x1200.11-300x300.jpeg 300w, https:\/\/kdv-hetvlindertje.nl\/wp-content\/uploads\/2025\/02\/1200x1200.11-150x150.jpeg 150w, https:\/\/kdv-hetvlindertje.nl\/wp-content\/uploads\/2025\/02\/1200x1200.11-768x764.jpeg 768w, https:\/\/kdv-hetvlindertje.nl\/wp-content\/uploads\/2025\/02\/1200x1200.11.jpeg 1200w\" sizes=\"(max-width: 1024px) 100vw, 1024px\" \/>\t\t\t\t\t\t\t\t\t\t\t\t\t\t\t<\/div>\n\t\t\t\t<\/div>\n\t\t\t\t<div class=\"elementor-element elementor-element-5a018b47 elementor-widget elementor-widget-image\" data-id=\"5a018b47\" data-element_type=\"widget\" data-e-type=\"widget\" data-widget_type=\"image.default\">\n\t\t\t\t<div class=\"elementor-widget-container\">\n\t\t\t\t\t\t\t\t\t\t\t\t\t\t\t<img loading=\"lazy\" decoding=\"async\" width=\"1024\" height=\"1024\" src=\"https:\/\/kdv-hetvlindertje.nl\/wp-content\/uploads\/2025\/02\/1200x1200.9-1024x1024.jpeg\" class=\"attachment-large size-large wp-image-1357\" alt=\"\" srcset=\"https:\/\/kdv-hetvlindertje.nl\/wp-content\/uploads\/2025\/02\/1200x1200.9-1024x1024.jpeg 1024w, https:\/\/kdv-hetvlindertje.nl\/wp-content\/uploads\/2025\/02\/1200x1200.9-300x300.jpeg 300w, https:\/\/kdv-hetvlindertje.nl\/wp-content\/uploads\/2025\/02\/1200x1200.9-150x150.jpeg 150w, https:\/\/kdv-hetvlindertje.nl\/wp-content\/uploads\/2025\/02\/1200x1200.9-768x768.jpeg 768w, https:\/\/kdv-hetvlindertje.nl\/wp-content\/uploads\/2025\/02\/1200x1200.9.jpeg 1204w\" sizes=\"(max-width: 1024px) 100vw, 1024px\" \/>\t\t\t\t\t\t\t\t\t\t\t\t\t\t\t<\/div>\n\t\t\t\t<\/div>\n\t\t\t\t<div class=\"elementor-element elementor-element-750f2830 elementor-widget elementor-widget-image\" data-id=\"750f2830\" data-element_type=\"widget\" data-e-type=\"widget\" data-widget_type=\"image.default\">\n\t\t\t\t<div class=\"elementor-widget-container\">\n\t\t\t\t\t\t\t\t\t\t\t\t\t\t\t<img loading=\"lazy\" decoding=\"async\" width=\"1024\" height=\"1024\" src=\"https:\/\/kdv-hetvlindertje.nl\/wp-content\/uploads\/2025\/02\/1200x1200.8-1024x1024.jpeg\" class=\"attachment-large size-large wp-image-1356\" alt=\"\" srcset=\"https:\/\/kdv-hetvlindertje.nl\/wp-content\/uploads\/2025\/02\/1200x1200.8-1024x1024.jpeg 1024w, https:\/\/kdv-hetvlindertje.nl\/wp-content\/uploads\/2025\/02\/1200x1200.8-300x300.jpeg 300w, https:\/\/kdv-hetvlindertje.nl\/wp-content\/uploads\/2025\/02\/1200x1200.8-150x150.jpeg 150w, https:\/\/kdv-hetvlindertje.nl\/wp-content\/uploads\/2025\/02\/1200x1200.8-768x768.jpeg 768w, https:\/\/kdv-hetvlindertje.nl\/wp-content\/uploads\/2025\/02\/1200x1200.8.jpeg 1204w\" sizes=\"(max-width: 1024px) 100vw, 1024px\" \/>\t\t\t\t\t\t\t\t\t\t\t\t\t\t\t<\/div>\n\t\t\t\t<\/div>\n\t\t\t\t\t<\/div>\n\t\t\t\t<\/div>\n\t\t<div class=\"elementor-element elementor-element-6fd7b04b e-flex e-con-boxed e-con e-parent\" data-id=\"6fd7b04b\" data-element_type=\"container\" data-e-type=\"container\">\n\t\t\t\t\t<div class=\"e-con-inner\">\n\t\t\t\t<div class=\"elementor-element elementor-element-55d4acd4 elementor-widget elementor-widget-spacer\" data-id=\"55d4acd4\" data-element_type=\"widget\" data-e-type=\"widget\" data-widget_type=\"spacer.default\">\n\t\t\t\t<div class=\"elementor-widget-container\">\n\t\t\t\t\t\t\t<div class=\"elementor-spacer\">\n\t\t\t<div class=\"elementor-spacer-inner\"><\/div>\n\t\t<\/div>\n\t\t\t\t\t\t<\/div>\n\t\t\t\t<\/div>\n\t\t\t\t\t<\/div>\n\t\t\t\t<\/div>\n\t\t<div class=\"elementor-element elementor-element-5af76f28 e-flex e-con-boxed e-con e-parent\" data-id=\"5af76f28\" data-element_type=\"container\" data-e-type=\"container\">\n\t\t\t\t\t<div class=\"e-con-inner\">\n\t\t\t\t\t<\/div>\n\t\t\t\t<\/div>\n\t\t\t\t<\/div>\n\t\t","protected":false},"excerpt":{"rendered":"<p>Hoofdstraat Tweede locatie Vanuit de locatie aan de Hoofdstraat werken wij nauw samen met de Hoofdlocatie. Kleinschalig en volop \u00e9\u00e9n op \u00e9\u00e9n aandacht. Wij stimuleren de kinderen door ze veiligheid en geborgenheid te bieden. Knuffelen met de leidsters, handje vasthouden tot ze in slaap vallen en heel veel liefde.\u00a0<\/p>\n","protected":false},"author":1,"featured_media":0,"parent":0,"menu_order":0,"comment_status":"closed","ping_status":"closed","template":"","meta":{"footnotes":""},"class_list":["post-1484","page","type-page","status-publish","hentry"],"blocksy_meta":[],"yoast_head":"<!-- This site is optimized with the Yoast SEO plugin v27.4 - https:\/\/yoast.com\/product\/yoast-seo-wordpress\/ -->\n<title>Hoofdstraat | Kinderopvang Het Vlindertje<\/title>\n<meta name=\"robots\" content=\"index, follow, max-snippet:-1, max-image-preview:large, max-video-preview:-1\" \/>\n<link rel=\"canonical\" href=\"https:\/\/kdv-hetvlindertje.nl\/index.php\/hoofdstraat\/\" \/>\n<meta property=\"og:locale\" content=\"nl_NL\" \/>\n<meta property=\"og:type\" content=\"article\" \/>\n<meta property=\"og:title\" content=\"Hoofdstraat | Kinderopvang Het Vlindertje\" \/>\n<meta property=\"og:description\" content=\"Hoofdstraat Tweede locatie Vanuit de locatie aan de Hoofdstraat werken wij nauw samen met de Hoofdlocatie. Kleinschalig en volop \u00e9\u00e9n op \u00e9\u00e9n aandacht. Wij stimuleren de kinderen door ze veiligheid en geborgenheid te bieden. Knuffelen met de leidsters, handje vasthouden tot ze in slaap vallen en heel veel liefde.\u00a0\" \/>\n<meta property=\"og:url\" content=\"https:\/\/kdv-hetvlindertje.nl\/index.php\/hoofdstraat\/\" \/>\n<meta property=\"og:site_name\" content=\"Kinderopvang Het Vlindertje\" \/>\n<meta property=\"article:publisher\" content=\"https:\/\/www.facebook.com\/profile.php?id=61565034821715\" \/>\n<meta property=\"article:modified_time\" content=\"2025-03-24T13:09:37+00:00\" \/>\n<meta property=\"og:image\" content=\"https:\/\/kdv-hetvlindertje.nl\/wp-content\/uploads\/2025\/01\/2e-loc-1.jpg\" \/>\n\t<meta property=\"og:image:width\" content=\"750\" \/>\n\t<meta property=\"og:image:height\" content=\"537\" \/>\n\t<meta property=\"og:image:type\" content=\"image\/jpeg\" \/>\n<meta name=\"twitter:card\" content=\"summary_large_image\" \/>\n<script type=\"application\/ld+json\" class=\"yoast-schema-graph\">{\"@context\":\"https:\\\/\\\/schema.org\",\"@graph\":[{\"@type\":\"WebPage\",\"@id\":\"https:\\\/\\\/kdv-hetvlindertje.nl\\\/index.php\\\/hoofdstraat\\\/\",\"url\":\"https:\\\/\\\/kdv-hetvlindertje.nl\\\/index.php\\\/hoofdstraat\\\/\",\"name\":\"Hoofdstraat | Kinderopvang Het Vlindertje\",\"isPartOf\":{\"@id\":\"https:\\\/\\\/kdv-hetvlindertje.nl\\\/#website\"},\"primaryImageOfPage\":{\"@id\":\"https:\\\/\\\/kdv-hetvlindertje.nl\\\/index.php\\\/hoofdstraat\\\/#primaryimage\"},\"image\":{\"@id\":\"https:\\\/\\\/kdv-hetvlindertje.nl\\\/index.php\\\/hoofdstraat\\\/#primaryimage\"},\"thumbnailUrl\":\"https:\\\/\\\/kdv-hetvlindertje.nl\\\/wp-content\\\/uploads\\\/2025\\\/01\\\/2e-loc-1.jpg\",\"datePublished\":\"2025-02-24T12:22:24+00:00\",\"dateModified\":\"2025-03-24T13:09:37+00:00\",\"breadcrumb\":{\"@id\":\"https:\\\/\\\/kdv-hetvlindertje.nl\\\/index.php\\\/hoofdstraat\\\/#breadcrumb\"},\"inLanguage\":\"nl-NL\",\"potentialAction\":[{\"@type\":\"ReadAction\",\"target\":[\"https:\\\/\\\/kdv-hetvlindertje.nl\\\/index.php\\\/hoofdstraat\\\/\"]}]},{\"@type\":\"ImageObject\",\"inLanguage\":\"nl-NL\",\"@id\":\"https:\\\/\\\/kdv-hetvlindertje.nl\\\/index.php\\\/hoofdstraat\\\/#primaryimage\",\"url\":\"https:\\\/\\\/kdv-hetvlindertje.nl\\\/wp-content\\\/uploads\\\/2025\\\/01\\\/2e-loc-1.jpg\",\"contentUrl\":\"https:\\\/\\\/kdv-hetvlindertje.nl\\\/wp-content\\\/uploads\\\/2025\\\/01\\\/2e-loc-1.jpg\",\"width\":750,\"height\":537},{\"@type\":\"BreadcrumbList\",\"@id\":\"https:\\\/\\\/kdv-hetvlindertje.nl\\\/index.php\\\/hoofdstraat\\\/#breadcrumb\",\"itemListElement\":[{\"@type\":\"ListItem\",\"position\":1,\"name\":\"Home\",\"item\":\"https:\\\/\\\/kdv-hetvlindertje.nl\\\/\"},{\"@type\":\"ListItem\",\"position\":2,\"name\":\"Hoofdstraat\"}]},{\"@type\":\"WebSite\",\"@id\":\"https:\\\/\\\/kdv-hetvlindertje.nl\\\/#website\",\"url\":\"https:\\\/\\\/kdv-hetvlindertje.nl\\\/\",\"name\":\"Kinderopvang Het Vlindertje\",\"description\":\"Een warme en liefdevolle plek waar uw kleintje veilig kan groeien en ontdekken.\",\"publisher\":{\"@id\":\"https:\\\/\\\/kdv-hetvlindertje.nl\\\/#organization\"},\"alternateName\":\"Kinderdagverblijf en BSO\",\"potentialAction\":[{\"@type\":\"SearchAction\",\"target\":{\"@type\":\"EntryPoint\",\"urlTemplate\":\"https:\\\/\\\/kdv-hetvlindertje.nl\\\/?s={search_term_string}\"},\"query-input\":{\"@type\":\"PropertyValueSpecification\",\"valueRequired\":true,\"valueName\":\"search_term_string\"}}],\"inLanguage\":\"nl-NL\"},{\"@type\":\"Organization\",\"@id\":\"https:\\\/\\\/kdv-hetvlindertje.nl\\\/#organization\",\"name\":\"Kinderopvang Het Vlindertje\",\"alternateName\":\"Kinderdagverblijf en BSO\",\"url\":\"https:\\\/\\\/kdv-hetvlindertje.nl\\\/\",\"logo\":{\"@type\":\"ImageObject\",\"inLanguage\":\"nl-NL\",\"@id\":\"https:\\\/\\\/kdv-hetvlindertje.nl\\\/#\\\/schema\\\/logo\\\/image\\\/\",\"url\":\"https:\\\/\\\/kdv-hetvlindertje.nl\\\/wp-content\\\/uploads\\\/2025\\\/01\\\/logo-Vlindertje-zonder-achtergrond-2-e1737493864193.png\",\"contentUrl\":\"https:\\\/\\\/kdv-hetvlindertje.nl\\\/wp-content\\\/uploads\\\/2025\\\/01\\\/logo-Vlindertje-zonder-achtergrond-2-e1737493864193.png\",\"width\":338,\"height\":163,\"caption\":\"Kinderopvang Het Vlindertje\"},\"image\":{\"@id\":\"https:\\\/\\\/kdv-hetvlindertje.nl\\\/#\\\/schema\\\/logo\\\/image\\\/\"},\"sameAs\":[\"https:\\\/\\\/www.facebook.com\\\/profile.php?id=61565034821715\",\"https:\\\/\\\/www.instagram.com\\\/kdv_hetvlindertje\"]}]}<\/script>\n<!-- \/ Yoast SEO plugin. -->","yoast_head_json":{"title":"Hoofdstraat | Kinderopvang Het Vlindertje","robots":{"index":"index","follow":"follow","max-snippet":"max-snippet:-1","max-image-preview":"max-image-preview:large","max-video-preview":"max-video-preview:-1"},"canonical":"https:\/\/kdv-hetvlindertje.nl\/index.php\/hoofdstraat\/","og_locale":"nl_NL","og_type":"article","og_title":"Hoofdstraat | Kinderopvang Het Vlindertje","og_description":"Hoofdstraat Tweede locatie Vanuit de locatie aan de Hoofdstraat werken wij nauw samen met de Hoofdlocatie. Kleinschalig en volop \u00e9\u00e9n op \u00e9\u00e9n aandacht. Wij stimuleren de kinderen door ze veiligheid en geborgenheid te bieden. Knuffelen met de leidsters, handje vasthouden tot ze in slaap vallen en heel veel liefde.\u00a0","og_url":"https:\/\/kdv-hetvlindertje.nl\/index.php\/hoofdstraat\/","og_site_name":"Kinderopvang Het Vlindertje","article_publisher":"https:\/\/www.facebook.com\/profile.php?id=61565034821715","article_modified_time":"2025-03-24T13:09:37+00:00","og_image":[{"width":750,"height":537,"url":"https:\/\/kdv-hetvlindertje.nl\/wp-content\/uploads\/2025\/01\/2e-loc-1.jpg","type":"image\/jpeg"}],"twitter_card":"summary_large_image","schema":{"@context":"https:\/\/schema.org","@graph":[{"@type":"WebPage","@id":"https:\/\/kdv-hetvlindertje.nl\/index.php\/hoofdstraat\/","url":"https:\/\/kdv-hetvlindertje.nl\/index.php\/hoofdstraat\/","name":"Hoofdstraat | Kinderopvang Het Vlindertje","isPartOf":{"@id":"https:\/\/kdv-hetvlindertje.nl\/#website"},"primaryImageOfPage":{"@id":"https:\/\/kdv-hetvlindertje.nl\/index.php\/hoofdstraat\/#primaryimage"},"image":{"@id":"https:\/\/kdv-hetvlindertje.nl\/index.php\/hoofdstraat\/#primaryimage"},"thumbnailUrl":"https:\/\/kdv-hetvlindertje.nl\/wp-content\/uploads\/2025\/01\/2e-loc-1.jpg","datePublished":"2025-02-24T12:22:24+00:00","dateModified":"2025-03-24T13:09:37+00:00","breadcrumb":{"@id":"https:\/\/kdv-hetvlindertje.nl\/index.php\/hoofdstraat\/#breadcrumb"},"inLanguage":"nl-NL","potentialAction":[{"@type":"ReadAction","target":["https:\/\/kdv-hetvlindertje.nl\/index.php\/hoofdstraat\/"]}]},{"@type":"ImageObject","inLanguage":"nl-NL","@id":"https:\/\/kdv-hetvlindertje.nl\/index.php\/hoofdstraat\/#primaryimage","url":"https:\/\/kdv-hetvlindertje.nl\/wp-content\/uploads\/2025\/01\/2e-loc-1.jpg","contentUrl":"https:\/\/kdv-hetvlindertje.nl\/wp-content\/uploads\/2025\/01\/2e-loc-1.jpg","width":750,"height":537},{"@type":"BreadcrumbList","@id":"https:\/\/kdv-hetvlindertje.nl\/index.php\/hoofdstraat\/#breadcrumb","itemListElement":[{"@type":"ListItem","position":1,"name":"Home","item":"https:\/\/kdv-hetvlindertje.nl\/"},{"@type":"ListItem","position":2,"name":"Hoofdstraat"}]},{"@type":"WebSite","@id":"https:\/\/kdv-hetvlindertje.nl\/#website","url":"https:\/\/kdv-hetvlindertje.nl\/","name":"Kinderopvang Het Vlindertje","description":"Een warme en liefdevolle plek waar uw kleintje veilig kan groeien en ontdekken.","publisher":{"@id":"https:\/\/kdv-hetvlindertje.nl\/#organization"},"alternateName":"Kinderdagverblijf en BSO","potentialAction":[{"@type":"SearchAction","target":{"@type":"EntryPoint","urlTemplate":"https:\/\/kdv-hetvlindertje.nl\/?s={search_term_string}"},"query-input":{"@type":"PropertyValueSpecification","valueRequired":true,"valueName":"search_term_string"}}],"inLanguage":"nl-NL"},{"@type":"Organization","@id":"https:\/\/kdv-hetvlindertje.nl\/#organization","name":"Kinderopvang Het Vlindertje","alternateName":"Kinderdagverblijf en BSO","url":"https:\/\/kdv-hetvlindertje.nl\/","logo":{"@type":"ImageObject","inLanguage":"nl-NL","@id":"https:\/\/kdv-hetvlindertje.nl\/#\/schema\/logo\/image\/","url":"https:\/\/kdv-hetvlindertje.nl\/wp-content\/uploads\/2025\/01\/logo-Vlindertje-zonder-achtergrond-2-e1737493864193.png","contentUrl":"https:\/\/kdv-hetvlindertje.nl\/wp-content\/uploads\/2025\/01\/logo-Vlindertje-zonder-achtergrond-2-e1737493864193.png","width":338,"height":163,"caption":"Kinderopvang Het Vlindertje"},"image":{"@id":"https:\/\/kdv-hetvlindertje.nl\/#\/schema\/logo\/image\/"},"sameAs":["https:\/\/www.facebook.com\/profile.php?id=61565034821715","https:\/\/www.instagram.com\/kdv_hetvlindertje"]}]}},"_links":{"self":[{"href":"https:\/\/kdv-hetvlindertje.nl\/index.php\/wp-json\/wp\/v2\/pages\/1484","targetHints":{"allow":["GET"]}}],"collection":[{"href":"https:\/\/kdv-hetvlindertje.nl\/index.php\/wp-json\/wp\/v2\/pages"}],"about":[{"href":"https:\/\/kdv-hetvlindertje.nl\/index.php\/wp-json\/wp\/v2\/types\/page"}],"author":[{"embeddable":true,"href":"https:\/\/kdv-hetvlindertje.nl\/index.php\/wp-json\/wp\/v2\/users\/1"}],"replies":[{"embeddable":true,"href":"https:\/\/kdv-hetvlindertje.nl\/index.php\/wp-json\/wp\/v2\/comments?post=1484"}],"version-history":[{"count":10,"href":"https:\/\/kdv-hetvlindertje.nl\/index.php\/wp-json\/wp\/v2\/pages\/1484\/revisions"}],"predecessor-version":[{"id":1589,"href":"https:\/\/kdv-hetvlindertje.nl\/index.php\/wp-json\/wp\/v2\/pages\/1484\/revisions\/1589"}],"wp:attachment":[{"href":"https:\/\/kdv-hetvlindertje.nl\/index.php\/wp-json\/wp\/v2\/media?parent=1484"}],"curies":[{"name":"wp","href":"https:\/\/api.w.org\/{rel}","templated":true}]}}